{"id":52,"date":"2023-12-21T10:53:50","date_gmt":"2023-12-21T10:53:50","guid":{"rendered":"https:\/\/www.car-law.com.br\/?page_id=52"},"modified":"2025-03-26T10:02:07","modified_gmt":"2025-03-26T10:02:07","slug":"areas-de-atuacao","status":"publish","type":"page","link":"https:\/\/www.car-law.com.br\/pt\/areas-de-atuacao\/","title":{"rendered":"\u00c1reas de Atua\u00e7\u00e3o"},"content":{"rendered":"<section\n  class=\"alignfull is-light block-hero-banner group has-primary-dark-grey-color relative flex w-full items-end pb-6 pt-56 lg:pb-0 lg:min-h-s\/75\"\n  id=\"block_d466cc939ab13cf25c882ff0e26617f5\"\n>\n  <div class=\"absolute left-0 top-0 h-full w-full\">\n    <img fetchpriority=\"high\" decoding=\"async\" width=\"1920\" height=\"1080\" src=\"https:\/\/www.car-law.com.br\/app\/uploads\/sites\/2\/2024\/06\/Brazil-Sao-Paulo-Avenue-Paulista-Getty-1441534535.jpg\" class=\"w-full h-full object-cover\" alt=\"\" loading=\"eager\" srcset=\"https:\/\/www.car-law.com.br\/app\/uploads\/sites\/2\/2024\/06\/Brazil-Sao-Paulo-Avenue-Paulista-Getty-1441534535.jpg 1920w, https:\/\/www.car-law.com.br\/app\/uploads\/sites\/2\/2024\/06\/Brazil-Sao-Paulo-Avenue-Paulista-Getty-1441534535-300x169.jpg 300w, https:\/\/www.car-law.com.br\/app\/uploads\/sites\/2\/2024\/06\/Brazil-Sao-Paulo-Avenue-Paulista-Getty-1441534535-1024x576.jpg 1024w, https:\/\/www.car-law.com.br\/app\/uploads\/sites\/2\/2024\/06\/Brazil-Sao-Paulo-Avenue-Paulista-Getty-1441534535-150x84.jpg 150w, https:\/\/www.car-law.com.br\/app\/uploads\/sites\/2\/2024\/06\/Brazil-Sao-Paulo-Avenue-Paulista-Getty-1441534535-768x432.jpg 768w, https:\/\/www.car-law.com.br\/app\/uploads\/sites\/2\/2024\/06\/Brazil-Sao-Paulo-Avenue-Paulista-Getty-1441534535-1536x864.jpg 1536w, https:\/\/www.car-law.com.br\/app\/uploads\/sites\/2\/2024\/06\/Brazil-Sao-Paulo-Avenue-Paulista-Getty-1441534535-640x360.jpg 640w, https:\/\/www.car-law.com.br\/app\/uploads\/sites\/2\/2024\/06\/Brazil-Sao-Paulo-Avenue-Paulista-Getty-1441534535-1177x662.jpg 1177w\" sizes=\"(max-width: 1920px) 100vw, 1920px\" \/>\n    <div class=\"bg-hero-bottom-dark absolute left-0 top-0 h-full w-full\"><\/div>\n    <div class=\"absolute left-0 top-0 h-full w-full bg-hero-top\"><\/div>\n  <\/div>\n\n<div class=\"container relative z-10 flex h-full w-full justify-end lg:py-10\">\n  <div class=\"flex w-full flex-col items-end justify-between lg:flex-row\">\n    <div class=\"w-full lg:w-1\/2\">\n      <div class=\"py-3 [&#038;_*]:!text-white [&#038;_nav]:!px-0 [&#038;_nav]:block [&#038;_nav]:!m-0 [&#038;_nav]:!w-full\">\n  <nav\n  class=\"breadcrumbs-nav container hidden py-3 text-base text-primary-dark-grey lg:block\"\n  aria-label=\"Breadcrumb\"\n>\n  <ol class=\"prevent-default inline-flex flex-wrap items-center gap-x-2\">\n                  <li class=\"breadcrumb-item inline-flex items-center gap-x-2\">\n                    <a\n            class=\"inline-flex items-center no-underline hover:underline prevent-default\"\n             href=\"https:\/\/www.car-law.com.br\/pt\/\"           >\n            In\u00edcio\n            <\/a>\n            <svg class=\"w-3 h-3\" fill=\"currentColor\" xmlns=\"http:\/\/www.w3.org\/2000\/svg\" viewBox=\"0 0 320 512\"><!--! Font Awesome Pro 6.5.1 by @fontawesome - https:\/\/fontawesome.com License - https:\/\/fontawesome.com\/license (Commercial License) Copyright 2023 Fonticons, Inc. --><path d=\"M305 239c9.4 9.4 9.4 24.6 0 33.9L113 465c-9.4 9.4-24.6 9.4-33.9 0s-9.4-24.6 0-33.9l175-175L79 81c-9.4-9.4-9.4-24.6 0-33.9s24.6-9.4 33.9 0L305 239z\"\/><\/svg>        <\/li>\n                        <li\n          class=\"breadcrumb-item active breadcrumbs-nav-last inline-flex items-center\"\n          aria-current=\"page\"\n        >\n          <span class=\"breadcrumbs-nav-last text-primary-dark-blue\">\n            \n          <\/span>\n        <\/li>\n            <\/ol>\n<\/nav>\n<\/div>\n      <h1\n          class=\"m-0 text-white uppercase leading-tight \"\n      >\n    \u00c1reas de Atua\u00e7\u00e3o\n    <\/h1>\n      <\/div>\n      <\/div>\n<\/div>\n<\/section>\n\n\n<section\n  class=\"alignfull is-light block-banner-media group has-primary-dark-grey-color has-transparent-background-color banner-type-half-image relative flex flex-col overflow-hidden w-full lg:min-h-112.5\"\n  id=\"block_8d8eb63e0f5eb9b6b5129508ae1f1470\"\n>\n      <div class=\"h-72 md:h-96 lg:h-auto relative lg:absolute lg:top-0 lg:bottom-0 lg:right-0 lg:left-1\/2 \">\n      <img decoding=\"async\" width=\"1024\" height=\"683\" src=\"https:\/\/www.car-law.com.br\/app\/uploads\/sites\/2\/2024\/06\/Controls-GettyImages-1306454799-1024x683.jpg\" class=\"w-full h-full min-h-full object-cover\" alt=\"\" loading=\"lazy\" srcset=\"https:\/\/www.car-law.com.br\/app\/uploads\/sites\/2\/2024\/06\/Controls-GettyImages-1306454799-1024x683.jpg 1024w, https:\/\/www.car-law.com.br\/app\/uploads\/sites\/2\/2024\/06\/Controls-GettyImages-1306454799-300x200.jpg 300w, https:\/\/www.car-law.com.br\/app\/uploads\/sites\/2\/2024\/06\/Controls-GettyImages-1306454799-150x100.jpg 150w, https:\/\/www.car-law.com.br\/app\/uploads\/sites\/2\/2024\/06\/Controls-GettyImages-1306454799-768x512.jpg 768w, https:\/\/www.car-law.com.br\/app\/uploads\/sites\/2\/2024\/06\/Controls-GettyImages-1306454799-1536x1024.jpg 1536w, https:\/\/www.car-law.com.br\/app\/uploads\/sites\/2\/2024\/06\/Controls-GettyImages-1306454799-640x427.jpg 640w, https:\/\/www.car-law.com.br\/app\/uploads\/sites\/2\/2024\/06\/Controls-GettyImages-1306454799-993x662.jpg 993w, https:\/\/www.car-law.com.br\/app\/uploads\/sites\/2\/2024\/06\/Controls-GettyImages-1306454799-1620x1080.jpg 1620w, https:\/\/www.car-law.com.br\/app\/uploads\/sites\/2\/2024\/06\/Controls-GettyImages-1306454799.jpg 1920w\" sizes=\"auto, (max-width: 1024px) 100vw, 1024px\" \/>\n    <\/div>\n    <div class=\"container relative flex grow items-center  \">\n    <div class=\"flex h-min w-full flex-col py-6 lg:w-1\/2 lg:pr-10 lg:py-10\">\n      <h2\n          class=\"text-primary-dark-grey uppercase group-dark:text-white mb-0 leading-tight group-extended-mustard:text-primary-dark-grey \"\n      >\n    OFERECEMOS SERVI\u00c7OS ESPECIALIZADOS NAS SEGUINTES \u00c1REAS\n    <\/h2>\n  <span class=\"mb-0 mt-6 group-dark:text-white group-extended-mustard:text-primary-dark-grey entry-content block max-w-full text-base keep-words\">\n          <ul>\n<li>Aeron\u00e1utico e Aeroespacial<\/li>\n<li>Seguros e Resseguros<\/li>\n<li>Mar\u00edtimo, Offshore, Portos e Terminais<\/li>\n<li>Resolu\u00e7\u00e3o de disputas &amp; ADR<\/li>\n<li>Societ\u00e1rio e M&amp;A<\/li>\n<li>Commodities<\/li>\n<li>Transi\u00e7\u00e3o Energ\u00e9tica<\/li>\n<\/ul>\n      <\/span>\n          <\/div>\n  <\/div>\n<\/section>\n\n\n<section\n  class=\"alignfull is-light block-banner-media group has-primary-dark-grey-color banner-type-basic is-dark lg:min-h-93.75 relative flex\"\n  id=\"block_39a4377e27afbd42dcb8601b51ffbd2a\"\n>\n      <style>#block_39a4377e27afbd42dcb8601b51ffbd2a{--section-padding-top-mobile:24px;--section-padding-bottom-mobile:24px;--section-padding-top-desktop:40px;--section-padding-bottom-desktop:40px;--section-margin-top-mobile:0px;--section-margin-bottom-mobile:0px;--section-margin-top-desktop:0px;--section-margin-bottom-desktop:0px;}<\/style>        <div class=\"absolute left-0 top-0 h-full w-full overflow-hidden\">\n      <img decoding=\"async\" width=\"1920\" height=\"1280\" src=\"https:\/\/www.car-law.com.br\/app\/uploads\/sites\/2\/2024\/06\/Rio-Dawn-Getty-160179714.jpg\" class=\"w-full h-full min-h-full object-cover\" alt=\"\" loading=\"lazy\" srcset=\"https:\/\/www.car-law.com.br\/app\/uploads\/sites\/2\/2024\/06\/Rio-Dawn-Getty-160179714.jpg 1920w, https:\/\/www.car-law.com.br\/app\/uploads\/sites\/2\/2024\/06\/Rio-Dawn-Getty-160179714-300x200.jpg 300w, https:\/\/www.car-law.com.br\/app\/uploads\/sites\/2\/2024\/06\/Rio-Dawn-Getty-160179714-1024x683.jpg 1024w, https:\/\/www.car-law.com.br\/app\/uploads\/sites\/2\/2024\/06\/Rio-Dawn-Getty-160179714-150x100.jpg 150w, https:\/\/www.car-law.com.br\/app\/uploads\/sites\/2\/2024\/06\/Rio-Dawn-Getty-160179714-768x512.jpg 768w, https:\/\/www.car-law.com.br\/app\/uploads\/sites\/2\/2024\/06\/Rio-Dawn-Getty-160179714-1536x1024.jpg 1536w, https:\/\/www.car-law.com.br\/app\/uploads\/sites\/2\/2024\/06\/Rio-Dawn-Getty-160179714-640x427.jpg 640w, https:\/\/www.car-law.com.br\/app\/uploads\/sites\/2\/2024\/06\/Rio-Dawn-Getty-160179714-993x662.jpg 993w, https:\/\/www.car-law.com.br\/app\/uploads\/sites\/2\/2024\/06\/Rio-Dawn-Getty-160179714-1620x1080.jpg 1620w\" sizes=\"auto, (max-width: 1920px) 100vw, 1920px\" \/>\n              <div class=\"absolute left-0 top-0 h-full w-full overflow-hidden bg-black opacity-60\"><\/div>\n          <\/div>\n    <div class=\"justify-center container relative flex items-center\">\n    <div class=\"lg:w-full text-center items-center flex w-full max-w-300 flex-col\">\n      <h2\n          class=\"text-primary-dark-grey uppercase group-dark:text-white mb-0 leading-tight \"\n      >\n    FALE CONOSCO\n    <\/h2>\n        <span class=\"text-primary-dark-grey group-dark:text-white mt-6  text-lg entry-content block max-w-full text-base keep-words\">\n          <p>Para mais informa\u00e7\u00f5es clique no bot\u00e3o abaixo<\/p>\n      <\/span>\n      <div class=\"w-full lg:w-auto\">\n        <div class='mt-6 flex w-full flex-col flex-wrap gap-4 lg:flex-row'>\n                      <a\n    href=\"https:\/\/www.car-law.com.br\/pt\/contate-nos\/\"\n    class=\"btn prevent-default btn-primary-extended-mustard\"\n              target=\"_self\"\n            >\n  <span class=\"btn-inner flex-row flex items-center\">\n          Entrar em contato\n              <span>\n        <svg class=\"ml-4 w-2.5\" fill=\"currentColor\" xmlns=\"http:\/\/www.w3.org\/2000\/svg\" viewBox=\"0 0 320 512\"><!--! Font Awesome Pro 6.5.1 by @fontawesome - https:\/\/fontawesome.com License - https:\/\/fontawesome.com\/license (Commercial License) Copyright 2023 Fonticons, Inc. --><path d=\"M305 239c9.4 9.4 9.4 24.6 0 33.9L113 465c-9.4 9.4-24.6 9.4-33.9 0s-9.4-24.6 0-33.9l175-175L79 81c-9.4-9.4-9.4-24.6 0-33.9s24.6-9.4 33.9 0L305 239z\"\/><\/svg>      <\/span>\n      <\/span>\n  <\/a>\n      <\/div>\n      <\/div>\n    <\/div>\n  <\/div>\n<\/section>\n","protected":false},"excerpt":{"rendered":"","protected":false},"author":1,"featured_media":0,"parent":0,"menu_order":24,"comment_status":"closed","ping_status":"closed","template":"","meta":{"_acf_changed":false,"_searchwp_excluded":"","header_mode":"transparent","nav_menu":5,"custom_header_logo_light":0,"custom_header_logo_dark":0,"show_header_logo":true,"show_header_menu":true,"show_header_button":true,"header_cta_link_0":[],"header_cta_link_type":"btn-primary-dark-green","show_header_search":true,"show_back_to_top":false,"back_to_top_anchor":"","back_to_top_label":"","custom_footer_logo_light":0,"show_footer_logo":true,"show_footer_links":true,"custom_footer_copyright":"","show_footer_copyright":true,"show_breadcrumbs":false,"hide_page_from_secondary_navigation":false,"footnotes":""},"class_list":["post-52","page","type-page","status-publish","hentry"],"acf":[],"yoast_head":"<!-- This site is optimized with the Yoast SEO plugin v27.4 - https:\/\/yoast.com\/product\/yoast-seo-wordpress\/ -->\n<title>\u00c1reas de Atua\u00e7\u00e3o - CAR<\/title>\n<meta name=\"robots\" content=\"index, follow, max-snippet:-1, max-image-preview:large, max-video-preview:-1\" \/>\n<link rel=\"canonical\" href=\"https:\/\/www.car-law.com.br\/pt\/areas-de-atuacao\/\" \/>\n<meta property=\"og:locale\" content=\"pt_BR\" \/>\n<meta property=\"og:type\" content=\"article\" \/>\n<meta property=\"og:title\" content=\"\u00c1reas de Atua\u00e7\u00e3o - CAR\" \/>\n<meta property=\"og:url\" content=\"https:\/\/www.car-law.com.br\/pt\/areas-de-atuacao\/\" \/>\n<meta property=\"og:site_name\" content=\"CAR\" \/>\n<meta property=\"article:modified_time\" content=\"2025-03-26T10:02:07+00:00\" \/>\n<meta name=\"twitter:card\" content=\"summary_large_image\" \/>\n<meta name=\"twitter:label1\" content=\"Est. reading time\" \/>\n\t<meta name=\"twitter:data1\" content=\"1 minute\" \/>\n<script type=\"application\/ld+json\" class=\"yoast-schema-graph\">{\"@context\":\"https:\\\/\\\/schema.org\",\"@graph\":[{\"@type\":\"WebPage\",\"@id\":\"https:\\\/\\\/www.car-law.com.br\\\/pt\\\/areas-de-atuacao\\\/\",\"url\":\"https:\\\/\\\/www.car-law.com.br\\\/pt\\\/areas-de-atuacao\\\/\",\"name\":\"\u00c1reas de Atua\u00e7\u00e3o - CAR\",\"isPartOf\":{\"@id\":\"https:\\\/\\\/www.car-law.com.br\\\/pt\\\/#website\"},\"datePublished\":\"2023-12-21T10:53:50+00:00\",\"dateModified\":\"2025-03-26T10:02:07+00:00\",\"breadcrumb\":{\"@id\":\"https:\\\/\\\/www.car-law.com.br\\\/pt\\\/areas-de-atuacao\\\/#breadcrumb\"},\"inLanguage\":\"pt-BR\",\"potentialAction\":[{\"@type\":\"ReadAction\",\"target\":[\"https:\\\/\\\/www.car-law.com.br\\\/pt\\\/areas-de-atuacao\\\/\"]}]},{\"@type\":\"BreadcrumbList\",\"@id\":\"https:\\\/\\\/www.car-law.com.br\\\/pt\\\/areas-de-atuacao\\\/#breadcrumb\",\"itemListElement\":[{\"@type\":\"ListItem\",\"position\":1,\"name\":\"In\u00edcio\",\"item\":\"https:\\\/\\\/www.car-law.com.br\\\/pt\\\/\"},{\"@type\":\"ListItem\",\"position\":2,\"name\":\"\u00c1reas de Atua\u00e7\u00e3o\"}]},{\"@type\":\"WebSite\",\"@id\":\"https:\\\/\\\/www.car-law.com.br\\\/pt\\\/#website\",\"url\":\"https:\\\/\\\/www.car-law.com.br\\\/pt\\\/\",\"name\":\"CAR\",\"description\":\"\",\"potentialAction\":[{\"@type\":\"SearchAction\",\"target\":{\"@type\":\"EntryPoint\",\"urlTemplate\":\"https:\\\/\\\/www.car-law.com.br\\\/pt\\\/?s={search_term_string}\"},\"query-input\":{\"@type\":\"PropertyValueSpecification\",\"valueRequired\":true,\"valueName\":\"search_term_string\"}}],\"inLanguage\":\"pt-BR\"}]}<\/script>\n<!-- \/ Yoast SEO plugin. -->","yoast_head_json":{"title":"\u00c1reas de Atua\u00e7\u00e3o - CAR","robots":{"index":"index","follow":"follow","max-snippet":"max-snippet:-1","max-image-preview":"max-image-preview:large","max-video-preview":"max-video-preview:-1"},"canonical":"https:\/\/www.car-law.com.br\/pt\/areas-de-atuacao\/","og_locale":"pt_BR","og_type":"article","og_title":"\u00c1reas de Atua\u00e7\u00e3o - CAR","og_url":"https:\/\/www.car-law.com.br\/pt\/areas-de-atuacao\/","og_site_name":"CAR","article_modified_time":"2025-03-26T10:02:07+00:00","twitter_card":"summary_large_image","twitter_misc":{"Est. reading time":"1 minute"},"schema":{"@context":"https:\/\/schema.org","@graph":[{"@type":"WebPage","@id":"https:\/\/www.car-law.com.br\/pt\/areas-de-atuacao\/","url":"https:\/\/www.car-law.com.br\/pt\/areas-de-atuacao\/","name":"\u00c1reas de Atua\u00e7\u00e3o - CAR","isPartOf":{"@id":"https:\/\/www.car-law.com.br\/pt\/#website"},"datePublished":"2023-12-21T10:53:50+00:00","dateModified":"2025-03-26T10:02:07+00:00","breadcrumb":{"@id":"https:\/\/www.car-law.com.br\/pt\/areas-de-atuacao\/#breadcrumb"},"inLanguage":"pt-BR","potentialAction":[{"@type":"ReadAction","target":["https:\/\/www.car-law.com.br\/pt\/areas-de-atuacao\/"]}]},{"@type":"BreadcrumbList","@id":"https:\/\/www.car-law.com.br\/pt\/areas-de-atuacao\/#breadcrumb","itemListElement":[{"@type":"ListItem","position":1,"name":"In\u00edcio","item":"https:\/\/www.car-law.com.br\/pt\/"},{"@type":"ListItem","position":2,"name":"\u00c1reas de Atua\u00e7\u00e3o"}]},{"@type":"WebSite","@id":"https:\/\/www.car-law.com.br\/pt\/#website","url":"https:\/\/www.car-law.com.br\/pt\/","name":"CAR","description":"","potentialAction":[{"@type":"SearchAction","target":{"@type":"EntryPoint","urlTemplate":"https:\/\/www.car-law.com.br\/pt\/?s={search_term_string}"},"query-input":{"@type":"PropertyValueSpecification","valueRequired":true,"valueName":"search_term_string"}}],"inLanguage":"pt-BR"}]}},"publishpress_future_action":{"enabled":false,"date":"2026-04-24 13:30:59","action":"change-status","newStatus":"draft","terms":[],"taxonomy":"sector","extraData":[]},"publishpress_future_workflow_manual_trigger":{"enabledWorkflows":[]},"_links":{"self":[{"href":"https:\/\/www.car-law.com.br\/pt\/wp-json\/wp\/v2\/pages\/52","targetHints":{"allow":["GET"]}}],"collection":[{"href":"https:\/\/www.car-law.com.br\/pt\/wp-json\/wp\/v2\/pages"}],"about":[{"href":"https:\/\/www.car-law.com.br\/pt\/wp-json\/wp\/v2\/types\/page"}],"author":[{"embeddable":true,"href":"https:\/\/www.car-law.com.br\/pt\/wp-json\/wp\/v2\/users\/1"}],"replies":[{"embeddable":true,"href":"https:\/\/www.car-law.com.br\/pt\/wp-json\/wp\/v2\/comments?post=52"}],"version-history":[{"count":7,"href":"https:\/\/www.car-law.com.br\/pt\/wp-json\/wp\/v2\/pages\/52\/revisions"}],"predecessor-version":[{"id":37876,"href":"https:\/\/www.car-law.com.br\/pt\/wp-json\/wp\/v2\/pages\/52\/revisions\/37876"}],"wp:attachment":[{"href":"https:\/\/www.car-law.com.br\/pt\/wp-json\/wp\/v2\/media?parent=52"}],"curies":[{"name":"wp","href":"https:\/\/api.w.org\/{rel}","templated":true}]}}