{"id":37850,"date":"2025-03-21T09:51:34","date_gmt":"2025-03-21T09:51:34","guid":{"rendered":"https:\/\/www.car-law.com.br\/pt\/percepcoes\/"},"modified":"2026-04-16T15:59:24","modified_gmt":"2026-04-16T14:59:24","slug":"insights","status":"publish","type":"page","link":"https:\/\/www.car-law.com.br\/pt\/insights\/","title":{"rendered":"Insights"},"content":{"rendered":"<section\n  class=\"alignfull is-light block-hero-banner group has-primary-dark-grey-color relative flex w-full items-end pb-6 pt-56 lg:min-h-s\/75 lg:pb-0\"\n  id=\"block_c9e74c57499f4bb2e0afd7b7ab100d2c\"\n>\n      <div class=\"absolute left-0 top-0 h-full w-full\">\n      <img decoding=\"async\" width=\"1757\" height=\"1080\" src=\"https:\/\/www.car-law.com.br\/app\/uploads\/sites\/2\/2024\/06\/Financial-center-of-Rio-de-Janeiro-Brazil-GettyImages-488975869-1757x1080.jpg\" class=\"w-full h-full object-cover\" alt=\"\" loading=\"lazy\" srcset=\"https:\/\/www.car-law.com.br\/app\/uploads\/sites\/2\/2024\/06\/Financial-center-of-Rio-de-Janeiro-Brazil-GettyImages-488975869-1757x1080.jpg 1757w, https:\/\/www.car-law.com.br\/app\/uploads\/sites\/2\/2024\/06\/Financial-center-of-Rio-de-Janeiro-Brazil-GettyImages-488975869-300x184.jpg 300w, https:\/\/www.car-law.com.br\/app\/uploads\/sites\/2\/2024\/06\/Financial-center-of-Rio-de-Janeiro-Brazil-GettyImages-488975869-1024x629.jpg 1024w, https:\/\/www.car-law.com.br\/app\/uploads\/sites\/2\/2024\/06\/Financial-center-of-Rio-de-Janeiro-Brazil-GettyImages-488975869-150x92.jpg 150w, https:\/\/www.car-law.com.br\/app\/uploads\/sites\/2\/2024\/06\/Financial-center-of-Rio-de-Janeiro-Brazil-GettyImages-488975869-768x472.jpg 768w, https:\/\/www.car-law.com.br\/app\/uploads\/sites\/2\/2024\/06\/Financial-center-of-Rio-de-Janeiro-Brazil-GettyImages-488975869-1536x944.jpg 1536w, https:\/\/www.car-law.com.br\/app\/uploads\/sites\/2\/2024\/06\/Financial-center-of-Rio-de-Janeiro-Brazil-GettyImages-488975869-640x393.jpg 640w, https:\/\/www.car-law.com.br\/app\/uploads\/sites\/2\/2024\/06\/Financial-center-of-Rio-de-Janeiro-Brazil-GettyImages-488975869-1077x662.jpg 1077w, https:\/\/www.car-law.com.br\/app\/uploads\/sites\/2\/2024\/06\/Financial-center-of-Rio-de-Janeiro-Brazil-GettyImages-488975869.jpg 1920w\" sizes=\"auto, (max-width: 1757px) 100vw, 1757px\" \/>\n      <div class=\"bg-hero-bottom-dark absolute left-0 top-0 h-full w-full\"><\/div>\n      <div class=\"absolute left-0 top-0 h-full w-full bg-hero-top\"><\/div>\n    <\/div>\n  \n  <div class=\"container relative z-10 flex h-full w-full justify-end lg:py-20\">\n    <div class=\"flex w-full flex-col items-end justify-between lg:flex-row\">\n      <div class=\"w-full lg:w-1\/2\">\n                        <h1\n          class=\"m-0 text-white uppercase leading-tight \"\n      >\n    Insights\n    <\/h1>\n  <span class=\"mb-0 mt-6 text-white font-bold entry-content block max-w-full text-base keep-words\">\n          <p>Como um escrit\u00f3rio de advocacia verdadeiramente focado em setores, nos orgulhamos de nossa profunda expertise nas ind\u00fastrias. Nossos insights jur\u00eddicos clarificam as principais tend\u00eancias e desenvolvimentos que impactam nossos clientes.<\/p>\n      <\/span>\n      <\/div>\n      <div class=\"flex w-full items-end lg:w-4.3\/10 lg:justify-end\">\n              <\/div>\n    <\/div>\n  <\/div>\n<\/section>\n\n\n<section\n  class=\"alignfull is-light block-insight-listing group has-primary-dark-grey-color archive-listing\"\n  id=\"block_e2a07e7c12c7f26ba3db3e620be86194\"\n>\n      <style>#block_e2a07e7c12c7f26ba3db3e620be86194{--section-padding-top-mobile:0px;--section-padding-bottom-mobile:0px;--section-padding-top-desktop:0px;--section-padding-bottom-desktop:0px;--section-margin-top-mobile:0px;--section-margin-bottom-mobile:0px;--section-margin-top-desktop:0px;--section-margin-bottom-desktop:0px;}<\/style>  \n  <div class=\"has-utility-neutral-grey-background-color py-6\">\n    <div class=\"group-filter-container container\">\n      <button class=\"btn btn-secondary-dark-grey show-filter-container h-full px-5 py-4 group-filter-container-open:hidden lg:hidden [&#038;_.btn-inner]:justify-between\">\n  <span class=\"btn-inner\">\n    Filter and search\n        <svg class=\"w-4 ml-5\" fill=\"currentColor\" xmlns=\"http:\/\/www.w3.org\/2000\/svg\" viewBox=\"0 0 512 512\"><!--! Font Awesome Pro 6.5.1 by @fontawesome - https:\/\/fontawesome.com License - https:\/\/fontawesome.com\/license (Commercial License) Copyright 2023 Fonticons, Inc. --><path d=\"M3.9 54.9C10.5 40.9 24.5 32 40 32H472c15.5 0 29.5 8.9 36.1 22.9s4.6 30.5-5.2 42.5L320 320.9V448c0 12.1-6.8 23.2-17.7 28.6s-23.8 4.3-33.5-3l-64-48c-8.1-6-12.8-15.5-12.8-25.6V320.9L9 97.3C-.7 85.4-2.8 68.8 3.9 54.9z\"\/><\/svg>\n  <\/span>\n<\/button>\n      <div\n        class=\"group-filters  flex flex-col max-lg:hidden group-filter-container-open:max-lg:flex lg:gap-y-6\"\n      >\n        <div class=\"mb-4 flex items-end justify-between lg:hidden\">\n          <div class=\"text-lg font-bold\">\n            Find your local experts\n          <\/div>\n          <button\n            class=\"show-filter-container show-filter-container-mobile-close hidden h-11 w-11 items-center justify-center border border-primary-dark-grey group-filter-container-open:flex\"\n          >\n            <svg class=\"w-3\" fill=\"currentColor\" xmlns=\"http:\/\/www.w3.org\/2000\/svg\" viewBox=\"0 0 384 512\"><!--! Font Awesome Pro 6.5.1 by @fontawesome - https:\/\/fontawesome.com License - https:\/\/fontawesome.com\/license (Commercial License) Copyright 2023 Fonticons, Inc. --><path d=\"M324.5 411.1c6.2 6.2 16.4 6.2 22.6 0s6.2-16.4 0-22.6L214.6 256 347.1 123.5c6.2-6.2 6.2-16.4 0-22.6s-16.4-6.2-22.6 0L192 233.4 59.5 100.9c-6.2-6.2-16.4-6.2-22.6 0s-6.2 16.4 0 22.6L169.4 256 36.9 388.5c-6.2 6.2-6.2 16.4 0 22.6s16.4 6.2 22.6 0L192 278.6 324.5 411.1z\"\/><\/svg>          <\/button>\n        <\/div>\n        <div\n          class=\"grid grid-cols-1 gap-4 lg:grid-cols-16 [&#038;_.facetwp-type-fselect]:lg:col-span-4 [&#038;_.facetwp-type-search]:lg:col-span-3\"\n        >\n                      <div class=\"facetwp-facet facetwp-facet-s facetwp-type-search\" data-name=\"s\" data-type=\"search\"><\/div>                          <div class=\"facetwp-facet facetwp-facet-insight_sector facetwp-type-fselect\" data-name=\"insight_sector\" data-type=\"fselect\"><\/div>                          <div class=\"facetwp-facet facetwp-facet-insight_service facetwp-type-fselect\" data-name=\"insight_service\" data-type=\"fselect\"><\/div>                                <div class=\"flex justify-end gap-x-6 lg:col-span-5\">\n            <div class=\"hidden items-center lg:flex\">\n              <div class=\"facetwp-facet facetwp-facet-people_clear facetwp-type-reset\" data-name=\"people_clear\" data-type=\"reset\"><\/div>            <\/div>\n            <div class=\"w-full max-lg:group-filters-open:hidden lg:w-auto\">\n              <button class=\"btn btn-secondary-dark-grey show-filters h-full py-3.5 group-filters-open:hidden [&#038;_.btn-inner]:justify-between\">\n  <span class=\"btn-inner\">\n    Mostrar filtros\n                <svg class=\"w-4 ml-5\" fill=\"currentColor\" xmlns=\"http:\/\/www.w3.org\/2000\/svg\" viewBox=\"0 0 512 512\"><!--! Font Awesome Pro 6.5.1 by @fontawesome - https:\/\/fontawesome.com License - https:\/\/fontawesome.com\/license (Commercial License) Copyright 2023 Fonticons, Inc. --><path d=\"M3.9 54.9C10.5 40.9 24.5 32 40 32H472c15.5 0 29.5 8.9 36.1 22.9s4.6 30.5-5.2 42.5L320 320.9V448c0 12.1-6.8 23.2-17.7 28.6s-23.8 4.3-33.5-3l-64-48c-8.1-6-12.8-15.5-12.8-25.6V320.9L9 97.3C-.7 85.4-2.8 68.8 3.9 54.9z\"\/><\/svg>\n  <\/span>\n<\/button>\n              <button\n                class=\"show-filters hidden h-16 w-16 items-center justify-center border border-primary-dark-grey transition-colors ease-in hover:bg-primary-dark-grey hover:text-white group-filters-open:flex\"\n              >\n                <svg class=\"w-4\" fill=\"currentColor\" xmlns=\"http:\/\/www.w3.org\/2000\/svg\" viewBox=\"0 0 384 512\"><!--! Font Awesome Pro 6.5.1 by @fontawesome - https:\/\/fontawesome.com License - https:\/\/fontawesome.com\/license (Commercial License) Copyright 2023 Fonticons, Inc. --><path d=\"M324.5 411.1c6.2 6.2 16.4 6.2 22.6 0s6.2-16.4 0-22.6L214.6 256 347.1 123.5c6.2-6.2 6.2-16.4 0-22.6s-16.4-6.2-22.6 0L192 233.4 59.5 100.9c-6.2-6.2-16.4-6.2-22.6 0s-6.2 16.4 0 22.6L169.4 256 36.9 388.5c-6.2 6.2-6.2 16.4 0 22.6s16.4 6.2 22.6 0L192 278.6 324.5 411.1z\"\/><\/svg>              <\/button>\n            <\/div>\n          <\/div>\n        <\/div>\n        <div class=\"hidden group-filters-open:block\">\n                      <div class=\"grid grid-cols-1 gap-4 lg:grid-cols-4\">\n                              <div class=\"facetwp-facet facetwp-facet-insight_topic facetwp-type-fselect\" data-name=\"insight_topic\" data-type=\"fselect\"><\/div>                              <div class=\"facetwp-facet facetwp-facet-insight_region facetwp-type-fselect\" data-name=\"insight_region\" data-type=\"fselect\"><\/div>                              <div class=\"facetwp-facet facetwp-facet-insight_location_city facetwp-type-fselect\" data-name=\"insight_location_city\" data-type=\"fselect\"><\/div>                              <div class=\"facetwp-facet facetwp-facet-insight_people facetwp-type-fselect\" data-name=\"insight_people\" data-type=\"fselect\"><\/div>                              <div class=\"facetwp-facet facetwp-facet-insight_category facetwp-type-fselect\" data-name=\"insight_category\" data-type=\"fselect\"><\/div>                              <div class=\"facetwp-facet facetwp-facet-insight_date_from facetwp-type-date_range\" data-name=\"insight_date_from\" data-type=\"date_range\"><\/div>                              <div class=\"facetwp-facet facetwp-facet-insight_date_to facetwp-type-date_range\" data-name=\"insight_date_to\" data-type=\"date_range\"><\/div>                          <\/div>\n                  <\/div>\n      <\/div>\n    <\/div>\n  <\/div>\n\n  <div class=\"has-utility-neutral-grey-background-color  max-lg:pb-0 py-6 lg:pt-10 lg:pb-12 [&amp;_.template-inner]:lg:grid-cols-4\">\n    <div class=\"container\">\n              <div class=\"facetwp-template\" data-name=\"insight\"><div class=\"template-inner [&#038;_.is-featured-insight:first-child]:col-span-full grid gap-8 lg:gap-y-10 grid grid-cols-1 md:grid-cols-2 lg:grid-cols-3\">\n              <a\n    class=\"bg-white prevent-default flex flex-col no-underline\"\n    href=\"https:\/\/www.car-law.com.br\/pt\/insights\/a-nova-lei-de-seguros-principais-impactos-para-seguradoras-resseguradoras-e-segurados\/\"\n  >\n          <div class=\"aspect-video overflow-hidden\">\n        <img loading=\"lazy\" decoding=\"async\" width=\"1024\" height=\"576\" src=\"https:\/\/www.car-law.com.br\/app\/uploads\/sites\/2\/2026\/04\/Cable-bridge-at-Marginal-Pinheiro-in-the-city-of-Sao-Paulo-Brazil-GettyImages-917487598-PP-L-1024x576.jpg\" class=\"object-cover w-full h-full\" alt=\"\" srcset=\"https:\/\/www.car-law.com.br\/app\/uploads\/sites\/2\/2026\/04\/Cable-bridge-at-Marginal-Pinheiro-in-the-city-of-Sao-Paulo-Brazil-GettyImages-917487598-PP-L-1024x576.jpg 1024w, https:\/\/www.car-law.com.br\/app\/uploads\/sites\/2\/2026\/04\/Cable-bridge-at-Marginal-Pinheiro-in-the-city-of-Sao-Paulo-Brazil-GettyImages-917487598-PP-L-300x169.jpg 300w, https:\/\/www.car-law.com.br\/app\/uploads\/sites\/2\/2026\/04\/Cable-bridge-at-Marginal-Pinheiro-in-the-city-of-Sao-Paulo-Brazil-GettyImages-917487598-PP-L-150x84.jpg 150w, https:\/\/www.car-law.com.br\/app\/uploads\/sites\/2\/2026\/04\/Cable-bridge-at-Marginal-Pinheiro-in-the-city-of-Sao-Paulo-Brazil-GettyImages-917487598-PP-L-768x432.jpg 768w, https:\/\/www.car-law.com.br\/app\/uploads\/sites\/2\/2026\/04\/Cable-bridge-at-Marginal-Pinheiro-in-the-city-of-Sao-Paulo-Brazil-GettyImages-917487598-PP-L-1536x864.jpg 1536w, https:\/\/www.car-law.com.br\/app\/uploads\/sites\/2\/2026\/04\/Cable-bridge-at-Marginal-Pinheiro-in-the-city-of-Sao-Paulo-Brazil-GettyImages-917487598-PP-L-640x360.jpg 640w, https:\/\/www.car-law.com.br\/app\/uploads\/sites\/2\/2026\/04\/Cable-bridge-at-Marginal-Pinheiro-in-the-city-of-Sao-Paulo-Brazil-GettyImages-917487598-PP-L-1177x662.jpg 1177w, https:\/\/www.car-law.com.br\/app\/uploads\/sites\/2\/2026\/04\/Cable-bridge-at-Marginal-Pinheiro-in-the-city-of-Sao-Paulo-Brazil-GettyImages-917487598-PP-L.jpg 1920w\" sizes=\"auto, (max-width: 1024px) 100vw, 1024px\" \/>      <\/div>\n    \n          <div\n        class=\"px-6 py-1 text-sm font-bold uppercase\"\n        style=\"background-color: #00685e; color:#ffffff;\"\n      >\n        Briefing\n      <\/div>\n    \n    <div class=\"flex grow flex-col gap-y-4 p-4\">\n\n      <div class=\"flex grow flex-col gap-y-2\">\n                  <div class=\"text-lg font-bold leading-6.5\">\n            A Nova Lei de Seguros: Principais impactos para seguradoras, resseguradoras e segurados\n          <\/div>\n        \n        <span class=\"text-lg font-medium lg:text-base lg:font-normal leading-6 entry-content block max-w-full text-base keep-words\">\n          O Brasil promulgou uma nova Lei de Seguros, Lei n\u00ba 15.040\/2024, que reformula substancialmente os requisitos regulat\u00f3rios para as opera\u00e7\u00f5es de seguro e resseguro&#8230;\n      <\/span>\n      <\/div>\n\n              <div\n  class=\"btn prevent-default btn-secondary-dark-grey w-max\"\n  >\n  <span class=\"btn-inner flex-row flex items-center\">\n          Read more\n              <span>\n        <svg class=\"ml-4 w-2.5\" fill=\"currentColor\" xmlns=\"http:\/\/www.w3.org\/2000\/svg\" viewBox=\"0 0 320 512\"><!--! Font Awesome Pro 6.5.1 by @fontawesome - https:\/\/fontawesome.com License - https:\/\/fontawesome.com\/license (Commercial License) Copyright 2023 Fonticons, Inc. --><path d=\"M305 239c9.4 9.4 9.4 24.6 0 33.9L113 465c-9.4 9.4-24.6 9.4-33.9 0s-9.4-24.6 0-33.9l175-175L79 81c-9.4-9.4-9.4-24.6 0-33.9s24.6-9.4 33.9 0L305 239z\"\/><\/svg>      <\/span>\n      <\/span>\n  <\/div>\n          <\/div>\n  <\/a>\n      <\/div>\n<\/div>          <\/div>\n    <div class=\"bg-transparent py-6 max-lg:mt-6 lg:py-0\">\n      <div class=\"container\">\n        <div class=\"facetwp-facet facetwp-facet-pagination facetwp-type-pager\" data-name=\"pagination\" data-type=\"pager\"><\/div>      <\/div>\n    <\/div>\n  <\/div>\n\n<\/section>\n","protected":false},"excerpt":{"rendered":"","protected":false},"author":1,"featured_media":0,"parent":0,"menu_order":26,"comment_status":"closed","ping_status":"closed","template":"","meta":{"_acf_changed":false,"_searchwp_excluded":"","header_mode":"white","nav_menu":0,"custom_header_logo_light":0,"custom_header_logo_dark":0,"show_header_logo":true,"show_header_menu":true,"show_header_button":true,"header_cta_link_0":[],"header_cta_link_type":"btn-primary-dark-green","show_header_search":true,"show_back_to_top":false,"back_to_top_anchor":"","back_to_top_label":"","custom_footer_logo_light":0,"show_footer_logo":true,"show_footer_links":true,"custom_footer_copyright":"Costa, Albino & Rocha Sociedade de Advogados Brasileira registrada junto \u00e0 OAB, seccional de S\u00e3o Paulo, sob o n\u00famero 25846 | <a style=\"color: white\" href=\"https:\/\/www.car-law.com.br\/pt\/politica-de-privacidade\/\"> Pol\u00edtica de Privacidade<\/a>","show_footer_copyright":true,"show_breadcrumbs":false,"hide_page_from_secondary_navigation":false,"footnotes":""},"class_list":["post-37850","page","type-page","status-publish","hentry"],"acf":[],"yoast_head":"<!-- This site is optimized with the Yoast SEO plugin v27.4 - https:\/\/yoast.com\/product\/yoast-seo-wordpress\/ -->\n<title>Insights - CAR<\/title>\n<meta name=\"robots\" content=\"index, follow, max-snippet:-1, max-image-preview:large, max-video-preview:-1\" \/>\n<link rel=\"canonical\" href=\"https:\/\/www.car-law.com.br\/pt\/insights\/\" \/>\n<meta property=\"og:locale\" content=\"pt_BR\" \/>\n<meta property=\"og:type\" content=\"article\" \/>\n<meta property=\"og:title\" content=\"Insights - CAR\" \/>\n<meta property=\"og:url\" content=\"https:\/\/www.car-law.com.br\/pt\/insights\/\" \/>\n<meta property=\"og:site_name\" content=\"CAR\" \/>\n<meta property=\"article:modified_time\" content=\"2026-04-16T14:59:24+00:00\" \/>\n<meta name=\"twitter:card\" content=\"summary_large_image\" \/>\n<script type=\"application\/ld+json\" class=\"yoast-schema-graph\">{\"@context\":\"https:\\\/\\\/schema.org\",\"@graph\":[{\"@type\":\"WebPage\",\"@id\":\"https:\\\/\\\/www.car-law.com.br\\\/pt\\\/insights\\\/\",\"url\":\"https:\\\/\\\/www.car-law.com.br\\\/pt\\\/insights\\\/\",\"name\":\"Insights - CAR\",\"isPartOf\":{\"@id\":\"https:\\\/\\\/www.car-law.com.br\\\/pt\\\/#website\"},\"datePublished\":\"2025-03-21T09:51:34+00:00\",\"dateModified\":\"2026-04-16T14:59:24+00:00\",\"breadcrumb\":{\"@id\":\"https:\\\/\\\/www.car-law.com.br\\\/pt\\\/insights\\\/#breadcrumb\"},\"inLanguage\":\"pt-BR\",\"potentialAction\":[{\"@type\":\"ReadAction\",\"target\":[\"https:\\\/\\\/www.car-law.com.br\\\/pt\\\/insights\\\/\"]}]},{\"@type\":\"BreadcrumbList\",\"@id\":\"https:\\\/\\\/www.car-law.com.br\\\/pt\\\/insights\\\/#breadcrumb\",\"itemListElement\":[{\"@type\":\"ListItem\",\"position\":1,\"name\":\"In\u00edcio\",\"item\":\"https:\\\/\\\/www.car-law.com.br\\\/pt\\\/\"},{\"@type\":\"ListItem\",\"position\":2,\"name\":\"Insights\"}]},{\"@type\":\"WebSite\",\"@id\":\"https:\\\/\\\/www.car-law.com.br\\\/pt\\\/#website\",\"url\":\"https:\\\/\\\/www.car-law.com.br\\\/pt\\\/\",\"name\":\"CAR\",\"description\":\"\",\"potentialAction\":[{\"@type\":\"SearchAction\",\"target\":{\"@type\":\"EntryPoint\",\"urlTemplate\":\"https:\\\/\\\/www.car-law.com.br\\\/pt\\\/?s={search_term_string}\"},\"query-input\":{\"@type\":\"PropertyValueSpecification\",\"valueRequired\":true,\"valueName\":\"search_term_string\"}}],\"inLanguage\":\"pt-BR\"}]}<\/script>\n<!-- \/ Yoast SEO plugin. -->","yoast_head_json":{"title":"Insights - CAR","robots":{"index":"index","follow":"follow","max-snippet":"max-snippet:-1","max-image-preview":"max-image-preview:large","max-video-preview":"max-video-preview:-1"},"canonical":"https:\/\/www.car-law.com.br\/pt\/insights\/","og_locale":"pt_BR","og_type":"article","og_title":"Insights - CAR","og_url":"https:\/\/www.car-law.com.br\/pt\/insights\/","og_site_name":"CAR","article_modified_time":"2026-04-16T14:59:24+00:00","twitter_card":"summary_large_image","schema":{"@context":"https:\/\/schema.org","@graph":[{"@type":"WebPage","@id":"https:\/\/www.car-law.com.br\/pt\/insights\/","url":"https:\/\/www.car-law.com.br\/pt\/insights\/","name":"Insights - CAR","isPartOf":{"@id":"https:\/\/www.car-law.com.br\/pt\/#website"},"datePublished":"2025-03-21T09:51:34+00:00","dateModified":"2026-04-16T14:59:24+00:00","breadcrumb":{"@id":"https:\/\/www.car-law.com.br\/pt\/insights\/#breadcrumb"},"inLanguage":"pt-BR","potentialAction":[{"@type":"ReadAction","target":["https:\/\/www.car-law.com.br\/pt\/insights\/"]}]},{"@type":"BreadcrumbList","@id":"https:\/\/www.car-law.com.br\/pt\/insights\/#breadcrumb","itemListElement":[{"@type":"ListItem","position":1,"name":"In\u00edcio","item":"https:\/\/www.car-law.com.br\/pt\/"},{"@type":"ListItem","position":2,"name":"Insights"}]},{"@type":"WebSite","@id":"https:\/\/www.car-law.com.br\/pt\/#website","url":"https:\/\/www.car-law.com.br\/pt\/","name":"CAR","description":"","potentialAction":[{"@type":"SearchAction","target":{"@type":"EntryPoint","urlTemplate":"https:\/\/www.car-law.com.br\/pt\/?s={search_term_string}"},"query-input":{"@type":"PropertyValueSpecification","valueRequired":true,"valueName":"search_term_string"}}],"inLanguage":"pt-BR"}]}},"publishpress_future_action":{"enabled":false,"date":"2026-04-26 15:07:40","action":"change-status","newStatus":"draft","terms":[],"taxonomy":"sector","extraData":[]},"publishpress_future_workflow_manual_trigger":{"enabledWorkflows":[]},"_links":{"self":[{"href":"https:\/\/www.car-law.com.br\/pt\/wp-json\/wp\/v2\/pages\/37850","targetHints":{"allow":["GET"]}}],"collection":[{"href":"https:\/\/www.car-law.com.br\/pt\/wp-json\/wp\/v2\/pages"}],"about":[{"href":"https:\/\/www.car-law.com.br\/pt\/wp-json\/wp\/v2\/types\/page"}],"author":[{"embeddable":true,"href":"https:\/\/www.car-law.com.br\/pt\/wp-json\/wp\/v2\/users\/1"}],"replies":[{"embeddable":true,"href":"https:\/\/www.car-law.com.br\/pt\/wp-json\/wp\/v2\/comments?post=37850"}],"version-history":[{"count":6,"href":"https:\/\/www.car-law.com.br\/pt\/wp-json\/wp\/v2\/pages\/37850\/revisions"}],"predecessor-version":[{"id":38003,"href":"https:\/\/www.car-law.com.br\/pt\/wp-json\/wp\/v2\/pages\/37850\/revisions\/38003"}],"wp:attachment":[{"href":"https:\/\/www.car-law.com.br\/pt\/wp-json\/wp\/v2\/media?parent=37850"}],"curies":[{"name":"wp","href":"https:\/\/api.w.org\/{rel}","templated":true}]}}