{"id":37201,"date":"2024-06-19T14:45:20","date_gmt":"2024-06-19T13:45:20","guid":{"rendered":"https:\/\/www.car-law.com.br\/?page_id=37201"},"modified":"2026-02-17T10:27:40","modified_gmt":"2026-02-17T10:27:40","slug":"politica-de-privacidade","status":"publish","type":"page","link":"https:\/\/www.car-law.com.br\/pt\/politica-de-privacidade\/","title":{"rendered":"Pol\u00edtica De Privacidade"},"content":{"rendered":"<section\n  class=\"alignfull is-dark block-hero-clean group has-white-color has-primary-dark-green-background-color relative flex w-full pb-6 lg:pb-10\"\n  id=\"block_a049993bddda527f1180f2a89cbb4e46\"\n>\n      <style>#block_a049993bddda527f1180f2a89cbb4e46{--section-padding-top-mobile:24px;--section-padding-bottom-mobile:0px;--section-padding-top-desktop:40px;--section-padding-bottom-desktop:0px;--section-margin-top-mobile:0px;--section-margin-bottom-mobile:0px;--section-margin-top-desktop:0px;--section-margin-bottom-desktop:0px;}<\/style>    <div class=\"container flex h-full w-full flex-col justify-end\">\n  <div\n    class=\"[&amp;_*]:!text-primary-dark-grey [&#038;_*]:group-dark:!text-white [&#038;_nav]:!mx-0 [&#038;_nav]:!mb-6 [&#038;_nav]:block [&#038;_nav]:!w-full [&#038;_nav]:!p-0 [&#038;_nav]:lg:!mb-8\"\n  >\n    <nav\n  class=\"breadcrumbs-nav container hidden py-3 text-base text-primary-dark-grey lg:block\"\n  aria-label=\"Breadcrumb\"\n>\n  <ol class=\"prevent-default inline-flex flex-wrap items-center gap-x-2\">\n                  <li class=\"breadcrumb-item inline-flex items-center gap-x-2\">\n                    <a\n            class=\"inline-flex items-center no-underline hover:underline prevent-default\"\n             href=\"https:\/\/www.car-law.com.br\/pt\/\"           >\n            In\u00edcio\n            <\/a>\n            <svg class=\"w-3 h-3\" fill=\"currentColor\" xmlns=\"http:\/\/www.w3.org\/2000\/svg\" viewBox=\"0 0 320 512\"><!--! Font Awesome Pro 6.5.1 by @fontawesome - https:\/\/fontawesome.com License - https:\/\/fontawesome.com\/license (Commercial License) Copyright 2023 Fonticons, Inc. --><path d=\"M305 239c9.4 9.4 9.4 24.6 0 33.9L113 465c-9.4 9.4-24.6 9.4-33.9 0s-9.4-24.6 0-33.9l175-175L79 81c-9.4-9.4-9.4-24.6 0-33.9s24.6-9.4 33.9 0L305 239z\"\/><\/svg>        <\/li>\n                        <li\n          class=\"breadcrumb-item active breadcrumbs-nav-last inline-flex items-center\"\n          aria-current=\"page\"\n        >\n          <span class=\"breadcrumbs-nav-last text-primary-dark-blue\">\n            \n          <\/span>\n        <\/li>\n            <\/ol>\n<\/nav>\n  <\/div>\n  <div class=\"flex w-full flex-col items-end justify-between lg:flex-row\">\n    <div class=\"w-full lg:w-1\/2\">\n      <h1\n          class=\"m-0 group-dark:text-white uppercase leading-tight text-primary-dark-grey \"\n      >\n    Poli\u0301tica de Privacidade\n    <\/h1>\n        <span class=\"mb-0 mt-6 group-dark:text-white text-xl text-primary-dark-grey entry-content block max-w-full text-base keep-words\">\n          <p>O SITE\u00a0www.car-law.com.br\u00a0\u00c9 DE PROPRIEDADE DA CAR \u2013 COSTA &amp; ROCHA SOCIDADDE DE ADVOGADOS.<\/p>\n      <\/span>\n\n      \n          <\/div>\n      <\/div>\n<\/div>\n<\/section>\n\n\n<section\n  class=\"alignfull is-light block-container-block group has-primary-dark-grey-color has-transparent-background-color\"\n  id=\"block_35594d5b47c12dcfd89acdeef23cbe68\"\n>\n      <style>#block_35594d5b47c12dcfd89acdeef23cbe68{--section-padding-top-mobile:40px;--section-padding-bottom-mobile:40px;--section-padding-top-desktop:80px;--section-padding-bottom-desktop:80px;--section-margin-top-mobile:0px;--section-margin-bottom-mobile:0px;--section-margin-top-desktop:0px;--section-margin-bottom-desktop:0px;}<\/style>    <div class=\"container\">\n    <div \n      class=\"text-primary-dark-grey\"\n    >\n      \n\n<p class=\"wp-block-paragraph\">N\u00f3s nos preocupamos com sua privacidade. Este Aviso de Privacidade explica como coletamos e usamos seus dados pessoais. Por favor, leia com aten\u00e7\u00e3o. Se voc\u00ea tiver alguma d\u00favida sobre este Aviso de Privacidade ou, caso queira fazer valer seus direitos, por favor entre em contato com nosso&nbsp;<em>Data Privacy Officer<\/em>&nbsp;(DPO),&nbsp;<strong><strong>Danilo Machado<\/strong><\/strong>, atrav\u00e9s do telefone: (011) 4550 7802, email:&nbsp;<strong><a href=\"mailto:fernando.albino@car-law.com.br\"><\/a><a href=\"mailto:danilo.machado@car-law.com.br\">danilo.machado@car-law.com.br<\/a><\/strong>.<\/p>\n\n\n\n<p class=\"wp-block-paragraph\">Esta se\u00e7\u00e3o fornece um breve resumo.<\/p>\n\n\n\n<p class=\"wp-block-paragraph\">A CAR \u00e9 um escrit\u00f3rio de advocacia com parcerias em todo o mundo. Para obter uma lista dos nossos escrit\u00f3rios parceiros do HFW que podem ocasionalmente receber os seus dados pessoais,&nbsp;<a href=\"https:\/\/www.hfw.com\/Privacy-Notice-Who-We-Are\">clique aqui<\/a>. O controlador dos dados pessoais coletados por meio de nosso site \u00e9 a CAR. Se seus dados pessoais forem coletados&nbsp;<em>off-line<\/em>, qualquer entidade da CAR que coletar ser\u00e1 o controlador de seus dados pessoais. Seus dados pessoais tamb\u00e9m podem ser compartilhados entre os escrit\u00f3rios da CAR e os escrit\u00f3rios parceiros do HFW, conforme necess\u00e1rio ou apropriado. N\u00e3o se preocupe, implementamos medidas para manter seus dados pessoais seguros, seja qual for a entidade que os processe.<\/p>\n\n\n\n<p class=\"wp-block-paragraph\">&#8220;<strong>Dados pessoais<\/strong>&#8221; neste Aviso de Privacidade tem o mesmo significado que na Lei Federal n\u00ba 13.709\/2018 (Lei Geral de Prote\u00e7\u00e3o de Dados ou LGPD). Essencialmente, significa informa\u00e7\u00f5es que est\u00e3o relacionadas a uma pessoa natural identificada ou identific\u00e1vel. Os dados pessoais podem incluir informa\u00e7\u00f5es coletadas por determinados&nbsp;<em>cookies<\/em>&nbsp;ou tecnologias de rastreamento, se forem capazes de criar um perfil dos usu\u00e1rios.<\/p>\n\n\n\n<p class=\"wp-block-paragraph\">Coletamos e utilizamos dados pessoais para realizar neg\u00f3cios relacionados a presta\u00e7\u00e3o de servi\u00e7os jur\u00eddicos. Quaisquer outras atividades de tratamento que realizemos s\u00e3o para apoiar este objetivo principal. Nossos prop\u00f3sitos e fundamentos legais para processar seus dados pessoais variam, dependendo de nosso relacionamento com o usu\u00e1rio e da atividade em quest\u00e3o. Voc\u00ea pode encontrar mais informa\u00e7\u00f5es sobre isso clicando nos&nbsp;<em>links<\/em>&nbsp;respectivos na p\u00e1gina&nbsp;<a href=\"https:\/\/www.hfw.com\/Privacy-Notice-What-we-collect-and-how-we-use-it\">&#8216;O que coletamos e como o usamos&#8217;<\/a>. N\u00f3s nunca iremos vender seus dados pessoais.<\/p>\n\n\n\n<p class=\"wp-block-paragraph\">Manteremos seus dados pessoais apenas pelo tempo necess\u00e1rio para cumprir os objetivos para os quais os coletamos e continuamos a trat\u00e1-los para atender a quaisquer requisitos legais ou cont\u00e1beis.<\/p>\n\n\n\n<p class=\"wp-block-paragraph\">Quando aplic\u00e1vel, respeitamos seus direitos de prote\u00e7\u00e3o de dados, incluindo solicitar acesso, retifica\u00e7\u00e3o, restri\u00e7\u00e3o, exclus\u00e3o ou &#8220;transfer\u00eancia&#8221; de seus dados, e de se opor ao nosso uso de seus dados, inclusive para marketing. N\u00e3o tomamos decis\u00f5es sobre voc\u00ea com base em perfis eletr\u00f4nicos. Voc\u00ea tamb\u00e9m tem o direito de reclamar junto \u00e0 Autoridade Nacional de Prote\u00e7\u00e3o de Dados (consulte&nbsp;<a href=\"https:\/\/www.hfw.com\/Privacy-Notice-Your-rights\">Seus Direitos<\/a>), mas entre em contato conosco primeiro para que possamos esclarecer suas d\u00favidas.<\/p>\n\n\n    <\/div>\n  <\/div>\n<\/section>\n","protected":false},"excerpt":{"rendered":"","protected":false},"author":17,"featured_media":0,"parent":0,"menu_order":0,"comment_status":"closed","ping_status":"closed","template":"","meta":{"_acf_changed":false,"_searchwp_excluded":"","header_mode":"white","nav_menu":5,"custom_header_logo_light":0,"custom_header_logo_dark":0,"show_header_logo":true,"show_header_menu":true,"show_header_button":true,"header_cta_link_0":[],"header_cta_link_type":"btn-primary-dark-green","show_header_search":true,"show_back_to_top":false,"back_to_top_anchor":"","back_to_top_label":"","custom_footer_logo_light":0,"show_footer_logo":true,"show_footer_links":true,"custom_footer_copyright":"","show_footer_copyright":true,"show_breadcrumbs":false,"hide_page_from_secondary_navigation":false,"footnotes":""},"class_list":["post-37201","page","type-page","status-publish","hentry"],"acf":[],"yoast_head":"<!-- This site is optimized with the Yoast SEO plugin v27.3 - https:\/\/yoast.com\/product\/yoast-seo-wordpress\/ -->\n<title>Pol\u00edtica De Privacidade - CAR<\/title>\n<meta name=\"robots\" content=\"index, follow, max-snippet:-1, max-image-preview:large, max-video-preview:-1\" \/>\n<link rel=\"canonical\" href=\"https:\/\/www.car-law.com.br\/pt\/politica-de-privacidade\/\" \/>\n<meta property=\"og:locale\" content=\"pt_BR\" \/>\n<meta property=\"og:type\" content=\"article\" \/>\n<meta property=\"og:title\" content=\"Pol\u00edtica De Privacidade - CAR\" \/>\n<meta property=\"og:url\" content=\"https:\/\/www.car-law.com.br\/pt\/politica-de-privacidade\/\" \/>\n<meta property=\"og:site_name\" content=\"CAR\" \/>\n<meta property=\"article:modified_time\" content=\"2026-02-17T10:27:40+00:00\" \/>\n<meta name=\"twitter:card\" content=\"summary_large_image\" \/>\n<meta name=\"twitter:label1\" content=\"Est. reading time\" \/>\n\t<meta name=\"twitter:data1\" content=\"2 minutes\" \/>\n<script type=\"application\/ld+json\" class=\"yoast-schema-graph\">{\"@context\":\"https:\\\/\\\/schema.org\",\"@graph\":[{\"@type\":\"WebPage\",\"@id\":\"https:\\\/\\\/www.car-law.com.br\\\/pt\\\/politica-de-privacidade\\\/\",\"url\":\"https:\\\/\\\/www.car-law.com.br\\\/pt\\\/politica-de-privacidade\\\/\",\"name\":\"Pol\u00edtica De Privacidade - CAR\",\"isPartOf\":{\"@id\":\"https:\\\/\\\/www.car-law.com.br\\\/pt\\\/#website\"},\"datePublished\":\"2024-06-19T13:45:20+00:00\",\"dateModified\":\"2026-02-17T10:27:40+00:00\",\"breadcrumb\":{\"@id\":\"https:\\\/\\\/www.car-law.com.br\\\/pt\\\/politica-de-privacidade\\\/#breadcrumb\"},\"inLanguage\":\"pt-BR\",\"potentialAction\":[{\"@type\":\"ReadAction\",\"target\":[\"https:\\\/\\\/www.car-law.com.br\\\/pt\\\/politica-de-privacidade\\\/\"]}]},{\"@type\":\"BreadcrumbList\",\"@id\":\"https:\\\/\\\/www.car-law.com.br\\\/pt\\\/politica-de-privacidade\\\/#breadcrumb\",\"itemListElement\":[{\"@type\":\"ListItem\",\"position\":1,\"name\":\"In\u00edcio\",\"item\":\"https:\\\/\\\/www.car-law.com.br\\\/pt\\\/\"},{\"@type\":\"ListItem\",\"position\":2,\"name\":\"Pol\u00edtica De Privacidade\"}]},{\"@type\":\"WebSite\",\"@id\":\"https:\\\/\\\/www.car-law.com.br\\\/pt\\\/#website\",\"url\":\"https:\\\/\\\/www.car-law.com.br\\\/pt\\\/\",\"name\":\"CAR\",\"description\":\"\",\"potentialAction\":[{\"@type\":\"SearchAction\",\"target\":{\"@type\":\"EntryPoint\",\"urlTemplate\":\"https:\\\/\\\/www.car-law.com.br\\\/pt\\\/?s={search_term_string}\"},\"query-input\":{\"@type\":\"PropertyValueSpecification\",\"valueRequired\":true,\"valueName\":\"search_term_string\"}}],\"inLanguage\":\"pt-BR\"}]}<\/script>\n<!-- \/ Yoast SEO plugin. -->","yoast_head_json":{"title":"Pol\u00edtica De Privacidade - CAR","robots":{"index":"index","follow":"follow","max-snippet":"max-snippet:-1","max-image-preview":"max-image-preview:large","max-video-preview":"max-video-preview:-1"},"canonical":"https:\/\/www.car-law.com.br\/pt\/politica-de-privacidade\/","og_locale":"pt_BR","og_type":"article","og_title":"Pol\u00edtica De Privacidade - CAR","og_url":"https:\/\/www.car-law.com.br\/pt\/politica-de-privacidade\/","og_site_name":"CAR","article_modified_time":"2026-02-17T10:27:40+00:00","twitter_card":"summary_large_image","twitter_misc":{"Est. reading time":"2 minutes"},"schema":{"@context":"https:\/\/schema.org","@graph":[{"@type":"WebPage","@id":"https:\/\/www.car-law.com.br\/pt\/politica-de-privacidade\/","url":"https:\/\/www.car-law.com.br\/pt\/politica-de-privacidade\/","name":"Pol\u00edtica De Privacidade - CAR","isPartOf":{"@id":"https:\/\/www.car-law.com.br\/pt\/#website"},"datePublished":"2024-06-19T13:45:20+00:00","dateModified":"2026-02-17T10:27:40+00:00","breadcrumb":{"@id":"https:\/\/www.car-law.com.br\/pt\/politica-de-privacidade\/#breadcrumb"},"inLanguage":"pt-BR","potentialAction":[{"@type":"ReadAction","target":["https:\/\/www.car-law.com.br\/pt\/politica-de-privacidade\/"]}]},{"@type":"BreadcrumbList","@id":"https:\/\/www.car-law.com.br\/pt\/politica-de-privacidade\/#breadcrumb","itemListElement":[{"@type":"ListItem","position":1,"name":"In\u00edcio","item":"https:\/\/www.car-law.com.br\/pt\/"},{"@type":"ListItem","position":2,"name":"Pol\u00edtica De Privacidade"}]},{"@type":"WebSite","@id":"https:\/\/www.car-law.com.br\/pt\/#website","url":"https:\/\/www.car-law.com.br\/pt\/","name":"CAR","description":"","potentialAction":[{"@type":"SearchAction","target":{"@type":"EntryPoint","urlTemplate":"https:\/\/www.car-law.com.br\/pt\/?s={search_term_string}"},"query-input":{"@type":"PropertyValueSpecification","valueRequired":true,"valueName":"search_term_string"}}],"inLanguage":"pt-BR"}]}},"publishpress_future_action":{"enabled":false,"date":"2026-04-11 21:04:59","action":"change-status","newStatus":"draft","terms":[],"taxonomy":"sector","extraData":[]},"publishpress_future_workflow_manual_trigger":{"enabledWorkflows":[]},"_links":{"self":[{"href":"https:\/\/www.car-law.com.br\/pt\/wp-json\/wp\/v2\/pages\/37201","targetHints":{"allow":["GET"]}}],"collection":[{"href":"https:\/\/www.car-law.com.br\/pt\/wp-json\/wp\/v2\/pages"}],"about":[{"href":"https:\/\/www.car-law.com.br\/pt\/wp-json\/wp\/v2\/types\/page"}],"author":[{"embeddable":true,"href":"https:\/\/www.car-law.com.br\/pt\/wp-json\/wp\/v2\/users\/17"}],"replies":[{"embeddable":true,"href":"https:\/\/www.car-law.com.br\/pt\/wp-json\/wp\/v2\/comments?post=37201"}],"version-history":[{"count":8,"href":"https:\/\/www.car-law.com.br\/pt\/wp-json\/wp\/v2\/pages\/37201\/revisions"}],"predecessor-version":[{"id":37988,"href":"https:\/\/www.car-law.com.br\/pt\/wp-json\/wp\/v2\/pages\/37201\/revisions\/37988"}],"wp:attachment":[{"href":"https:\/\/www.car-law.com.br\/pt\/wp-json\/wp\/v2\/media?parent=37201"}],"curies":[{"name":"wp","href":"https:\/\/api.w.org\/{rel}","templated":true}]}}