{"id":36510,"date":"2024-06-10T12:55:08","date_gmt":"2024-06-10T11:55:08","guid":{"rendered":"https:\/\/www.car-law.com.br\/?page_id=36510"},"modified":"2025-03-03T11:07:05","modified_gmt":"2025-03-03T11:07:05","slug":"pagina-inicial","status":"publish","type":"page","link":"https:\/\/www.car-law.com.br\/pt\/","title":{"rendered":"P\u00e1gina Inicial"},"content":{"rendered":"<section\n  class=\"alignfull is-light block-hero-banner group has-primary-dark-grey-color relative flex w-full items-end pb-6 pt-56 lg:pb-0 lg:min-h-s\/75\"\n  id=\"block_168675745ec546ec886f71d142285b34\"\n>\n  <div class=\"absolute left-0 top-0 h-full w-full\">\n    <img fetchpriority=\"high\" decoding=\"async\" width=\"1920\" height=\"1080\" src=\"https:\/\/www.car-law.com.br\/app\/uploads\/sites\/2\/2024\/06\/Estaiadas-bridge-night-aerial-view.-Sao-Paulo-Brazil-GettyImages-1154975453.jpg\" class=\"w-full h-full object-cover\" alt=\"\" loading=\"eager\" srcset=\"https:\/\/www.car-law.com.br\/app\/uploads\/sites\/2\/2024\/06\/Estaiadas-bridge-night-aerial-view.-Sao-Paulo-Brazil-GettyImages-1154975453.jpg 1920w, https:\/\/www.car-law.com.br\/app\/uploads\/sites\/2\/2024\/06\/Estaiadas-bridge-night-aerial-view.-Sao-Paulo-Brazil-GettyImages-1154975453-300x169.jpg 300w, https:\/\/www.car-law.com.br\/app\/uploads\/sites\/2\/2024\/06\/Estaiadas-bridge-night-aerial-view.-Sao-Paulo-Brazil-GettyImages-1154975453-1024x576.jpg 1024w, https:\/\/www.car-law.com.br\/app\/uploads\/sites\/2\/2024\/06\/Estaiadas-bridge-night-aerial-view.-Sao-Paulo-Brazil-GettyImages-1154975453-150x84.jpg 150w, https:\/\/www.car-law.com.br\/app\/uploads\/sites\/2\/2024\/06\/Estaiadas-bridge-night-aerial-view.-Sao-Paulo-Brazil-GettyImages-1154975453-768x432.jpg 768w, https:\/\/www.car-law.com.br\/app\/uploads\/sites\/2\/2024\/06\/Estaiadas-bridge-night-aerial-view.-Sao-Paulo-Brazil-GettyImages-1154975453-1536x864.jpg 1536w, https:\/\/www.car-law.com.br\/app\/uploads\/sites\/2\/2024\/06\/Estaiadas-bridge-night-aerial-view.-Sao-Paulo-Brazil-GettyImages-1154975453-640x360.jpg 640w, https:\/\/www.car-law.com.br\/app\/uploads\/sites\/2\/2024\/06\/Estaiadas-bridge-night-aerial-view.-Sao-Paulo-Brazil-GettyImages-1154975453-1177x662.jpg 1177w\" sizes=\"(max-width: 1920px) 100vw, 1920px\" \/>\n    <div class=\"bg-hero-bottom-dark absolute left-0 top-0 h-full w-full\"><\/div>\n    <div class=\"absolute left-0 top-0 h-full w-full bg-hero-top\"><\/div>\n  <\/div>\n\n<div class=\"container relative z-10 flex h-full w-full justify-end lg:py-10\">\n  <div class=\"flex w-full flex-col items-end justify-between lg:flex-row\">\n    <div class=\"w-full lg:w-1\/2\">\n      <div class=\"py-3 [&#038;_*]:!text-white [&#038;_nav]:!px-0 [&#038;_nav]:block [&#038;_nav]:!m-0 [&#038;_nav]:!w-full\">\n  <nav\n  class=\"breadcrumbs-nav container hidden py-3 text-base text-primary-dark-grey lg:block\"\n  aria-label=\"Breadcrumb\"\n>\n  <ol class=\"prevent-default inline-flex flex-wrap items-center gap-x-2\">\n                  <li class=\"breadcrumb-item inline-flex items-center gap-x-2\">\n                    <a\n            class=\"inline-flex items-center no-underline hover:underline prevent-default\"\n             href=\"https:\/\/www.car-law.com.br\/pt\/\"           >\n            In\u00edcio\n            <\/a>\n            <svg class=\"w-3 h-3\" fill=\"currentColor\" xmlns=\"http:\/\/www.w3.org\/2000\/svg\" viewBox=\"0 0 320 512\"><!--! Font Awesome Pro 6.5.1 by @fontawesome - https:\/\/fontawesome.com License - https:\/\/fontawesome.com\/license (Commercial License) Copyright 2023 Fonticons, Inc. --><path d=\"M305 239c9.4 9.4 9.4 24.6 0 33.9L113 465c-9.4 9.4-24.6 9.4-33.9 0s-9.4-24.6 0-33.9l175-175L79 81c-9.4-9.4-9.4-24.6 0-33.9s24.6-9.4 33.9 0L305 239z\"\/><\/svg>        <\/li>\n                        <li\n          class=\"breadcrumb-item active breadcrumbs-nav-last inline-flex items-center\"\n          aria-current=\"page\"\n        >\n          <span class=\"breadcrumbs-nav-last text-primary-dark-blue\">\n            \n          <\/span>\n        <\/li>\n            <\/ol>\n<\/nav>\n<\/div>\n      <h1\n          class=\"m-0 text-white uppercase leading-tight \"\n      >\n    Bem-vindos\n    <\/h1>\n  <span class=\"mb-0 mt-6 text-white font-bold entry-content block max-w-full text-base keep-words\">\n          <p>Somos um escrit\u00f3rio de advocacia especializado nas \u00e1reas de Avia\u00e7\u00e3o, Seguros e Resseguros, Commodities, Mar\u00edtimo e Portu\u00e1rio, e Energia.<\/p>\n      <\/span>\n    <\/div>\n      <\/div>\n<\/div>\n<\/section>\n\n\n<section\n  class=\"alignfull is-light block-banner-media group has-primary-dark-grey-color has-utility-neutral-grey-background-color banner-type-half-image relative flex flex-col overflow-hidden w-full lg:min-h-112.5\"\n  id=\"block_ef2896788efcd4712af29dd7ee130150\"\n>\n      <div class=\"h-72 md:h-96 lg:h-auto relative lg:absolute lg:top-0 lg:bottom-0 lg:right-0 lg:left-1\/2 \">\n      <img decoding=\"async\" width=\"1024\" height=\"576\" src=\"https:\/\/www.car-law.com.br\/app\/uploads\/sites\/2\/2024\/06\/Rio-de-Janeiro-Getty-1060140878-1024x576.jpg\" class=\"w-full h-full min-h-full object-cover\" alt=\"\" loading=\"lazy\" srcset=\"https:\/\/www.car-law.com.br\/app\/uploads\/sites\/2\/2024\/06\/Rio-de-Janeiro-Getty-1060140878-1024x576.jpg 1024w, https:\/\/www.car-law.com.br\/app\/uploads\/sites\/2\/2024\/06\/Rio-de-Janeiro-Getty-1060140878-300x169.jpg 300w, https:\/\/www.car-law.com.br\/app\/uploads\/sites\/2\/2024\/06\/Rio-de-Janeiro-Getty-1060140878-150x84.jpg 150w, https:\/\/www.car-law.com.br\/app\/uploads\/sites\/2\/2024\/06\/Rio-de-Janeiro-Getty-1060140878-768x432.jpg 768w, https:\/\/www.car-law.com.br\/app\/uploads\/sites\/2\/2024\/06\/Rio-de-Janeiro-Getty-1060140878-1536x864.jpg 1536w, https:\/\/www.car-law.com.br\/app\/uploads\/sites\/2\/2024\/06\/Rio-de-Janeiro-Getty-1060140878-640x360.jpg 640w, https:\/\/www.car-law.com.br\/app\/uploads\/sites\/2\/2024\/06\/Rio-de-Janeiro-Getty-1060140878-1177x662.jpg 1177w, https:\/\/www.car-law.com.br\/app\/uploads\/sites\/2\/2024\/06\/Rio-de-Janeiro-Getty-1060140878.jpg 1920w\" sizes=\"auto, (max-width: 1024px) 100vw, 1024px\" \/>\n    <\/div>\n    <div class=\"container relative flex grow items-center  \">\n    <div class=\"flex h-min w-full flex-col py-6 lg:w-1\/2 lg:pr-10 lg:py-10\">\n      <h2\n          class=\"text-primary-dark-grey uppercase group-dark:text-white mb-0 leading-tight group-extended-mustard:text-primary-dark-grey \"\n      >\n    L\u00cdDERES NOS PRINCIPAIS SETORES E IND\u00daSTRIAS\n    <\/h2>\n  <span class=\"mb-0 mt-6 group-dark:text-white group-extended-mustard:text-primary-dark-grey entry-content block max-w-full text-base keep-words\">\n          <p>Como um escrit\u00f3rio de advocacia focado em setor, temos orgulho de nossa profunda experi\u00eancia e relev\u00e2ncia no mercado. Possu\u00edmos as melhores pr\u00e1ticas especializadas em seguros e avia\u00e7\u00e3o do Brasil, com d\u00e9cadas de experi\u00eancia atuando nos sinistros mais complexos e de alto valor. Assessoramos clientes em toda a Am\u00e9rica Latina em uma ampla gama de assuntos, desde disputas comerciais at\u00e9 fus\u00f5es e aquisi\u00e7\u00f5es. <\/p>\n      <\/span>\n          <\/div>\n  <\/div>\n<\/section>\n\n\n<section\n  class=\"alignfull is-light block-banner-media group has-primary-dark-grey-color has-white-background-color banner-type-half-image relative flex flex-col overflow-hidden w-full lg:min-h-112.5\"\n  id=\"block_f3e5078c033b54147b145f110af2435b\"\n>\n      <div class=\"h-72 md:h-96 lg:h-auto relative lg:absolute lg:top-0 lg:bottom-0 lg:left-0 lg:right-1\/2 \">\n      <img decoding=\"async\" width=\"1024\" height=\"576\" src=\"https:\/\/www.car-law.com.br\/app\/uploads\/sites\/2\/2024\/06\/Sao-Paulo-Paulista-Avenue-Getty-638248078-1024x576.jpg\" class=\"w-full h-full min-h-full object-cover\" alt=\"\" loading=\"lazy\" srcset=\"https:\/\/www.car-law.com.br\/app\/uploads\/sites\/2\/2024\/06\/Sao-Paulo-Paulista-Avenue-Getty-638248078-1024x576.jpg 1024w, https:\/\/www.car-law.com.br\/app\/uploads\/sites\/2\/2024\/06\/Sao-Paulo-Paulista-Avenue-Getty-638248078-300x169.jpg 300w, https:\/\/www.car-law.com.br\/app\/uploads\/sites\/2\/2024\/06\/Sao-Paulo-Paulista-Avenue-Getty-638248078-150x84.jpg 150w, https:\/\/www.car-law.com.br\/app\/uploads\/sites\/2\/2024\/06\/Sao-Paulo-Paulista-Avenue-Getty-638248078-768x432.jpg 768w, https:\/\/www.car-law.com.br\/app\/uploads\/sites\/2\/2024\/06\/Sao-Paulo-Paulista-Avenue-Getty-638248078-1536x864.jpg 1536w, https:\/\/www.car-law.com.br\/app\/uploads\/sites\/2\/2024\/06\/Sao-Paulo-Paulista-Avenue-Getty-638248078-640x360.jpg 640w, https:\/\/www.car-law.com.br\/app\/uploads\/sites\/2\/2024\/06\/Sao-Paulo-Paulista-Avenue-Getty-638248078-1177x662.jpg 1177w, https:\/\/www.car-law.com.br\/app\/uploads\/sites\/2\/2024\/06\/Sao-Paulo-Paulista-Avenue-Getty-638248078.jpg 1920w\" sizes=\"auto, (max-width: 1024px) 100vw, 1024px\" \/>\n    <\/div>\n    <div class=\"container relative flex grow items-center justify-end \">\n    <div class=\"flex h-min w-full flex-col py-6 lg:w-1\/2 lg:pl-10 lg:py-10\">\n      <h2\n          class=\"text-primary-dark-grey uppercase group-dark:text-white mb-0 leading-tight group-extended-mustard:text-primary-dark-grey \"\n      >\n    CAR EM COOPERA\u00c7\u00c3O COM HFW\n    <\/h2>\n  <span class=\"mb-0 mt-6 group-dark:text-white group-extended-mustard:text-primary-dark-grey entry-content block max-w-full text-base keep-words\">\n          <p>HFW \u00e9 l\u00edder global nos setores de aeroespacial, commodities, energia, seguros e resseguros e mar\u00edtimo, classificado pela Chambers como \u201ctop tier\u201d na \u00e1rea de seguros na Am\u00e9rica Latina \u2013 oferecendo consultoria local e internacional de reconhecida qualidade.<\/p>\n<p>Juntos, CAR e HFW est\u00e3o numa posi\u00e7\u00e3o \u00fanica para assessorar seus clientes no Brasil e em toda a Am\u00e9rica Latina em complexas disputas internacionais de seguros e resseguros; regula\u00e7\u00e3o de sinistros de elevado valor, M&#038;A e temas regulat\u00f3rios gerais.<\/p>\n      <\/span>\n<div class='mb-0 mt-6 flex w-full flex-col flex-wrap gap-4 lg:flex-row'>\n                                                  <\/div>\n          <\/div>\n  <\/div>\n<\/section>\n\n\n<section\n  class=\"alignfull is-light block-banner-media group has-primary-dark-grey-color has-primary-light-green-background-color banner-type-basic is-dark lg:min-h-93.75 relative flex\"\n  id=\"block_a66191117a20b7aaade950956cf230cf\"\n>\n      <style>#block_a66191117a20b7aaade950956cf230cf{--section-padding-top-mobile:24px;--section-padding-bottom-mobile:24px;--section-padding-top-desktop:40px;--section-padding-bottom-desktop:40px;--section-margin-top-mobile:0px;--section-margin-bottom-mobile:0px;--section-margin-top-desktop:0px;--section-margin-bottom-desktop:0px;}<\/style>        <div class=\"absolute left-0 top-0 h-full w-full overflow-hidden\">\n      <img decoding=\"async\" width=\"1920\" height=\"1280\" src=\"https:\/\/www.car-law.com.br\/app\/uploads\/sites\/2\/2024\/06\/Abstract-Red-Sparks-GettyImages-912207548.jpg\" class=\"w-full h-full min-h-full object-cover\" alt=\"\" loading=\"lazy\" srcset=\"https:\/\/www.car-law.com.br\/app\/uploads\/sites\/2\/2024\/06\/Abstract-Red-Sparks-GettyImages-912207548.jpg 1920w, https:\/\/www.car-law.com.br\/app\/uploads\/sites\/2\/2024\/06\/Abstract-Red-Sparks-GettyImages-912207548-300x200.jpg 300w, https:\/\/www.car-law.com.br\/app\/uploads\/sites\/2\/2024\/06\/Abstract-Red-Sparks-GettyImages-912207548-1024x683.jpg 1024w, https:\/\/www.car-law.com.br\/app\/uploads\/sites\/2\/2024\/06\/Abstract-Red-Sparks-GettyImages-912207548-150x100.jpg 150w, https:\/\/www.car-law.com.br\/app\/uploads\/sites\/2\/2024\/06\/Abstract-Red-Sparks-GettyImages-912207548-768x512.jpg 768w, https:\/\/www.car-law.com.br\/app\/uploads\/sites\/2\/2024\/06\/Abstract-Red-Sparks-GettyImages-912207548-1536x1024.jpg 1536w, https:\/\/www.car-law.com.br\/app\/uploads\/sites\/2\/2024\/06\/Abstract-Red-Sparks-GettyImages-912207548-640x427.jpg 640w, https:\/\/www.car-law.com.br\/app\/uploads\/sites\/2\/2024\/06\/Abstract-Red-Sparks-GettyImages-912207548-993x662.jpg 993w, https:\/\/www.car-law.com.br\/app\/uploads\/sites\/2\/2024\/06\/Abstract-Red-Sparks-GettyImages-912207548-1620x1080.jpg 1620w\" sizes=\"auto, (max-width: 1920px) 100vw, 1920px\" \/>\n              <div class=\"absolute left-0 top-0 h-full w-full overflow-hidden bg-black opacity-60\"><\/div>\n          <\/div>\n    <div class=\"justify-center container relative flex items-center\">\n    <div class=\"lg:w-full text-center items-center flex w-full max-w-300 flex-col\">\n      <h2\n          class=\"text-primary-dark-grey uppercase group-dark:text-white mb-0 leading-tight \"\n      >\n    SAIBA MAIS\n    <\/h2>\n        <span class=\"text-primary-dark-grey group-dark:text-white mt-6  text-lg entry-content block max-w-full text-base keep-words\">\n          <p>Para mais informa\u00e7\u00f5es sobre o HFW, clique abaixo.<\/p>\n      <\/span>\n      <div class=\"w-full lg:w-auto\">\n        <div class='mt-6 flex w-full flex-col flex-wrap gap-4 lg:flex-row'>\n                      <a\n    href=\"http:\/\/www.hfw.com\"\n    class=\"btn prevent-default btn-primary-orange\"\n              target=\"_blank\"\n              rel=\"nofollow noopener\"\n            >\n  <span class=\"btn-inner flex-row flex items-center\">\n          Visite o site\n              <span>\n        <svg class=\"ml-4 w-2.5\" fill=\"currentColor\" xmlns=\"http:\/\/www.w3.org\/2000\/svg\" viewBox=\"0 0 320 512\"><!--! Font Awesome Pro 6.5.1 by @fontawesome - https:\/\/fontawesome.com License - https:\/\/fontawesome.com\/license (Commercial License) Copyright 2023 Fonticons, Inc. --><path d=\"M305 239c9.4 9.4 9.4 24.6 0 33.9L113 465c-9.4 9.4-24.6 9.4-33.9 0s-9.4-24.6 0-33.9l175-175L79 81c-9.4-9.4-9.4-24.6 0-33.9s24.6-9.4 33.9 0L305 239z\"\/><\/svg>      <\/span>\n      <\/span>\n  <\/a>\n      <\/div>\n      <\/div>\n    <\/div>\n  <\/div>\n<\/section>\n","protected":false},"excerpt":{"rendered":"","protected":false},"author":1,"featured_media":0,"parent":0,"menu_order":35,"comment_status":"closed","ping_status":"closed","template":"","meta":{"_acf_changed":false,"_searchwp_excluded":"","header_mode":"transparent","nav_menu":5,"custom_header_logo_light":0,"custom_header_logo_dark":0,"show_header_logo":true,"show_header_menu":true,"show_header_button":true,"header_cta_link_0":[],"header_cta_link_type":"btn-primary-dark-green","show_header_search":true,"show_back_to_top":false,"back_to_top_anchor":"","back_to_top_label":"","custom_footer_logo_light":0,"show_footer_logo":true,"show_footer_links":true,"custom_footer_copyright":"","show_footer_copyright":true,"show_breadcrumbs":true,"hide_page_from_secondary_navigation":false,"footnotes":""},"class_list":["post-36510","page","type-page","status-publish","hentry"],"acf":[],"yoast_head":"<!-- This site is optimized with the Yoast SEO plugin v27.3 - https:\/\/yoast.com\/product\/yoast-seo-wordpress\/ -->\n<title>P\u00e1gina Inicial - CAR<\/title>\n<meta name=\"robots\" content=\"index, follow, max-snippet:-1, max-image-preview:large, max-video-preview:-1\" \/>\n<link rel=\"canonical\" href=\"https:\/\/www.car-law.com.br\/pt\/\" \/>\n<meta property=\"og:locale\" content=\"pt_BR\" \/>\n<meta property=\"og:type\" content=\"article\" \/>\n<meta property=\"og:title\" content=\"P\u00e1gina Inicial - CAR\" \/>\n<meta property=\"og:url\" content=\"https:\/\/www.car-law.com.br\/pt\/\" \/>\n<meta property=\"og:site_name\" content=\"CAR\" \/>\n<meta property=\"article:modified_time\" content=\"2025-03-03T11:07:05+00:00\" \/>\n<meta name=\"twitter:card\" content=\"summary_large_image\" \/>\n<meta name=\"twitter:label1\" content=\"Est. reading time\" \/>\n\t<meta name=\"twitter:data1\" content=\"2 minutes\" \/>\n<script type=\"application\/ld+json\" class=\"yoast-schema-graph\">{\"@context\":\"https:\\\/\\\/schema.org\",\"@graph\":[{\"@type\":\"WebPage\",\"@id\":\"https:\\\/\\\/www.car-law.com.br\\\/pt\\\/\",\"url\":\"https:\\\/\\\/www.car-law.com.br\\\/pt\\\/\",\"name\":\"P\u00e1gina Inicial - CAR\",\"isPartOf\":{\"@id\":\"https:\\\/\\\/www.car-law.com.br\\\/pt\\\/#website\"},\"datePublished\":\"2024-06-10T11:55:08+00:00\",\"dateModified\":\"2025-03-03T11:07:05+00:00\",\"breadcrumb\":{\"@id\":\"https:\\\/\\\/www.car-law.com.br\\\/pt\\\/#breadcrumb\"},\"inLanguage\":\"pt-BR\",\"potentialAction\":[{\"@type\":\"ReadAction\",\"target\":[\"https:\\\/\\\/www.car-law.com.br\\\/pt\\\/\"]}]},{\"@type\":\"BreadcrumbList\",\"@id\":\"https:\\\/\\\/www.car-law.com.br\\\/pt\\\/#breadcrumb\",\"itemListElement\":[{\"@type\":\"ListItem\",\"position\":1,\"name\":\"In\u00edcio\",\"item\":\"https:\\\/\\\/www.car-law.com.br\\\/pt\\\/\"},{\"@type\":\"ListItem\",\"position\":2,\"name\":\"P\u00e1gina Inicial\"}]},{\"@type\":\"WebSite\",\"@id\":\"https:\\\/\\\/www.car-law.com.br\\\/pt\\\/#website\",\"url\":\"https:\\\/\\\/www.car-law.com.br\\\/pt\\\/\",\"name\":\"CAR\",\"description\":\"\",\"potentialAction\":[{\"@type\":\"SearchAction\",\"target\":{\"@type\":\"EntryPoint\",\"urlTemplate\":\"https:\\\/\\\/www.car-law.com.br\\\/pt\\\/?s={search_term_string}\"},\"query-input\":{\"@type\":\"PropertyValueSpecification\",\"valueRequired\":true,\"valueName\":\"search_term_string\"}}],\"inLanguage\":\"pt-BR\"}]}<\/script>\n<!-- \/ Yoast SEO plugin. -->","yoast_head_json":{"title":"P\u00e1gina Inicial - CAR","robots":{"index":"index","follow":"follow","max-snippet":"max-snippet:-1","max-image-preview":"max-image-preview:large","max-video-preview":"max-video-preview:-1"},"canonical":"https:\/\/www.car-law.com.br\/pt\/","og_locale":"pt_BR","og_type":"article","og_title":"P\u00e1gina Inicial - CAR","og_url":"https:\/\/www.car-law.com.br\/pt\/","og_site_name":"CAR","article_modified_time":"2025-03-03T11:07:05+00:00","twitter_card":"summary_large_image","twitter_misc":{"Est. reading time":"2 minutes"},"schema":{"@context":"https:\/\/schema.org","@graph":[{"@type":"WebPage","@id":"https:\/\/www.car-law.com.br\/pt\/","url":"https:\/\/www.car-law.com.br\/pt\/","name":"P\u00e1gina Inicial - CAR","isPartOf":{"@id":"https:\/\/www.car-law.com.br\/pt\/#website"},"datePublished":"2024-06-10T11:55:08+00:00","dateModified":"2025-03-03T11:07:05+00:00","breadcrumb":{"@id":"https:\/\/www.car-law.com.br\/pt\/#breadcrumb"},"inLanguage":"pt-BR","potentialAction":[{"@type":"ReadAction","target":["https:\/\/www.car-law.com.br\/pt\/"]}]},{"@type":"BreadcrumbList","@id":"https:\/\/www.car-law.com.br\/pt\/#breadcrumb","itemListElement":[{"@type":"ListItem","position":1,"name":"In\u00edcio","item":"https:\/\/www.car-law.com.br\/pt\/"},{"@type":"ListItem","position":2,"name":"P\u00e1gina Inicial"}]},{"@type":"WebSite","@id":"https:\/\/www.car-law.com.br\/pt\/#website","url":"https:\/\/www.car-law.com.br\/pt\/","name":"CAR","description":"","potentialAction":[{"@type":"SearchAction","target":{"@type":"EntryPoint","urlTemplate":"https:\/\/www.car-law.com.br\/pt\/?s={search_term_string}"},"query-input":{"@type":"PropertyValueSpecification","valueRequired":true,"valueName":"search_term_string"}}],"inLanguage":"pt-BR"}]}},"publishpress_future_action":{"enabled":false,"date":"2026-04-14 09:22:54","action":"change-status","newStatus":"draft","terms":[],"taxonomy":"sector","extraData":[]},"publishpress_future_workflow_manual_trigger":{"enabledWorkflows":[]},"_links":{"self":[{"href":"https:\/\/www.car-law.com.br\/pt\/wp-json\/wp\/v2\/pages\/36510","targetHints":{"allow":["GET"]}}],"collection":[{"href":"https:\/\/www.car-law.com.br\/pt\/wp-json\/wp\/v2\/pages"}],"about":[{"href":"https:\/\/www.car-law.com.br\/pt\/wp-json\/wp\/v2\/types\/page"}],"author":[{"embeddable":true,"href":"https:\/\/www.car-law.com.br\/pt\/wp-json\/wp\/v2\/users\/1"}],"replies":[{"embeddable":true,"href":"https:\/\/www.car-law.com.br\/pt\/wp-json\/wp\/v2\/comments?post=36510"}],"version-history":[{"count":10,"href":"https:\/\/www.car-law.com.br\/pt\/wp-json\/wp\/v2\/pages\/36510\/revisions"}],"predecessor-version":[{"id":37791,"href":"https:\/\/www.car-law.com.br\/pt\/wp-json\/wp\/v2\/pages\/36510\/revisions\/37791"}],"wp:attachment":[{"href":"https:\/\/www.car-law.com.br\/pt\/wp-json\/wp\/v2\/media?parent=36510"}],"curies":[{"name":"wp","href":"https:\/\/api.w.org\/{rel}","templated":true}]}}